{"id":29,"date":"2016-07-12T08:29:24","date_gmt":"2016-07-12T08:29:24","guid":{"rendered":"http:\/\/loewengarten.com\/?page_id=29"},"modified":"2017-10-10T07:10:51","modified_gmt":"2017-10-10T07:10:51","slug":"startseite","status":"publish","type":"page","link":"https:\/\/loewengarten.com\/","title":{"rendered":"STARTSEITE"},"content":{"rendered":"<p><span style=\"font-family: tahoma, arial, helvetica, sans-serif;\">Herzlich willkommen auf der neuen Internetseite des \u201eL\u00f6wengarten\u201c und der \u201eL\u00f6wenstube\u201c dem Vereinsheim der \u201eFreien Turner\u201c.<\/span><\/p>\n<p><span style=\"font-family: tahoma, arial, helvetica, sans-serif;\">Ab dem 01.08.2016 haben wir diese beiden Objekte \u00fcbernommen und m\u00f6chten Ihnen im L\u00f6wengarten die bayerische Biergartenkultur n\u00e4her bringen.<\/span><\/p>\n<p><span style=\"font-family: tahoma, arial, helvetica, sans-serif;\">Uns ist bewusst, dass zum Anfang nicht alles perfekt laufen kann, aber geben Sie uns die Chance uns zu beweisen.<\/span><\/p>\n<p><span style=\"font-family: tahoma, arial, helvetica, sans-serif;\">F\u00fcr Anregungen und konstruktive Kritik sind wir dankbar. Sprechen Sie uns einfach an!<\/span><\/p>\n","protected":false},"excerpt":{"rendered":"<p>Herzlich willkommen auf der neuen Internetseite des \u201eL\u00f6wengarten\u201c und der \u201eL\u00f6wenstube\u201c dem Vereinsheim der \u201eFreien Turner\u201c. Ab dem 01.08.2016 haben wir diese beiden Objekte \u00fcbernommen [&hellip;]<\/p>\n","protected":false},"author":1,"featured_media":0,"parent":0,"menu_order":0,"comment_status":"closed","ping_status":"closed","template":"","meta":{"footnotes":""},"class_list":["post-29","page","type-page","status-publish","hentry"],"_links":{"self":[{"href":"https:\/\/loewengarten.com\/index.php?rest_route=\/wp\/v2\/pages\/29","targetHints":{"allow":["GET"]}}],"collection":[{"href":"https:\/\/loewengarten.com\/index.php?rest_route=\/wp\/v2\/pages"}],"about":[{"href":"https:\/\/loewengarten.com\/index.php?rest_route=\/wp\/v2\/types\/page"}],"author":[{"embeddable":true,"href":"https:\/\/loewengarten.com\/index.php?rest_route=\/wp\/v2\/users\/1"}],"replies":[{"embeddable":true,"href":"https:\/\/loewengarten.com\/index.php?rest_route=%2Fwp%2Fv2%2Fcomments&post=29"}],"version-history":[{"count":5,"href":"https:\/\/loewengarten.com\/index.php?rest_route=\/wp\/v2\/pages\/29\/revisions"}],"predecessor-version":[{"id":100,"href":"https:\/\/loewengarten.com\/index.php?rest_route=\/wp\/v2\/pages\/29\/revisions\/100"}],"wp:attachment":[{"href":"https:\/\/loewengarten.com\/index.php?rest_route=%2Fwp%2Fv2%2Fmedia&parent=29"}],"curies":[{"name":"wp","href":"https:\/\/api.w.org\/{rel}","templated":true}]}}