{"id":41,"date":"2016-07-12T09:46:39","date_gmt":"2016-07-12T09:46:39","guid":{"rendered":"http:\/\/loewengarten.com\/?page_id=41"},"modified":"2018-06-04T09:06:03","modified_gmt":"2018-06-04T09:06:03","slug":"impressum","status":"publish","type":"page","link":"https:\/\/loewengarten.com\/?page_id=41","title":{"rendered":"IMPRESSUM"},"content":{"rendered":"<p><span style=\"font-size: 10pt; font-family: tahoma, arial, helvetica, sans-serif;\"><strong>Angaben gem\u00e4\u00df \u00a7 5 TMG<\/strong><\/span><\/p>\n<p><span style=\"font-family: tahoma, arial, helvetica, sans-serif; font-size: 10pt;\"><strong>Sitz:<\/strong><br \/>\nL\u00f6wengarten Gastro GmbH<br \/>\nGF: Marco Sch\u00f6nian<br \/>\nKonrad-Beste-Str. 2<br \/>\n38176 Wendeburg<\/span><\/p>\n<p><span style=\"font-size: 10pt; font-family: tahoma, arial, helvetica, sans-serif;\"><strong>Niederlassung &amp; Lieferanschrift:<\/strong><\/span><br \/>\n<span style=\"font-family: tahoma, arial, helvetica, sans-serif; font-size: 10pt;\"> L\u00f6wengarten Braunschweig &amp; Vereinsheim Freie Turner<\/span><br \/>\n<span style=\"font-family: tahoma, arial, helvetica, sans-serif; font-size: 10pt;\"> Herzogin-Elisabeth-Str. 78<\/span><br \/>\n<span style=\"font-family: tahoma, arial, helvetica, sans-serif; font-size: 10pt;\"> 38104 Braunschweig<\/span><\/p>\n<p><span style=\"font-family: tahoma, arial, helvetica, sans-serif; font-size: 10pt;\">Telefon: 05303 \u2013 958400<\/span><br \/>\n<span style=\"font-family: tahoma, arial, helvetica, sans-serif; font-size: 10pt;\"> Fax: 05303 &#8211; 958999<\/span><\/p>\n<p><span style=\"font-family: tahoma, arial, helvetica, sans-serif; font-size: 10pt;\"><strong>Email:<\/strong> <a href=\"mailto:Info@loewengarten.com\">Info@loewengarten.com<\/a><\/span><\/p>\n<p><span style=\"font-family: tahoma, arial, helvetica, sans-serif; font-size: 10pt;\">Kontoverbindung:<\/span><br \/>\n<span style=\"font-family: tahoma, arial, helvetica, sans-serif; font-size: 10pt;\"> L\u00f6wengarten Gastro GmbH<\/span><br \/>\n<span style=\"font-family: tahoma, arial, helvetica, sans-serif; font-size: 10pt;\"> Braunschweigische Landessparkasse<\/span><br \/>\n<span style=\"font-family: tahoma, arial, helvetica, sans-serif; font-size: 10pt;\"> Kontonummer: 0152062774<\/span><br \/>\n<span style=\"font-family: tahoma, arial, helvetica, sans-serif; font-size: 10pt;\"> IBAN: DE62 2505 0000 0152 0627 74<\/span><br \/>\n<span style=\"font-family: tahoma, arial, helvetica, sans-serif; font-size: 10pt;\"> BIC: NOLADE2HXXX<\/span><\/p>\n<p><span style=\"font-size: 10pt; font-family: tahoma, arial, helvetica, sans-serif;\"><strong>Vertreten durch: <\/strong>Marco Sch\u00f6nian<\/span><\/p>\n<p><span style=\"font-size: 10pt; font-family: tahoma, arial, helvetica, sans-serif;\"><strong>Registereintrag:<br \/>\n<\/strong>Eintragung im Handelsregister.<\/span><br \/>\n<span style=\"font-family: tahoma, arial, helvetica, sans-serif; font-size: 10pt;\"> Registergericht: Amtsgericht Braunschweig<\/span><br \/>\n<span style=\"font-family: tahoma, arial, helvetica, sans-serif; font-size: 10pt;\"> Registernummer: HRB 205123<\/span><\/p>\n<p><span style=\"font-family: tahoma, arial, helvetica, sans-serif; font-size: 10pt;\"><strong>Umsatzsteuer-ID: <\/strong> <\/span><br \/>\n<span style=\"font-family: tahoma, arial, helvetica, sans-serif; font-size: 10pt;\"> Umsatzsteuer-Identifikationsnummer gem\u00e4\u00df \u00a727a Umsatzsteuergesetz: DE298158268<\/span><\/p>\n<p><span style=\"font-family: tahoma, arial, helvetica, sans-serif; font-size: 10pt;\"> <strong>Finanzamt Braunschweig<br \/>\n<\/strong>14\/200\/00095<\/span><\/p>\n<p><span style=\"font-family: tahoma, arial, helvetica, sans-serif; font-size: 10pt;\"><strong>Rechtsform des Unternehmens<br \/>\n<\/strong>GmbH<\/span><\/p>\n<p><span style=\"font-family: tahoma, arial, helvetica, sans-serif; font-size: 10pt;\"><strong>Bildnachweis<\/strong><\/span><br \/>\n<span style=\"font-family: tahoma, arial, helvetica, sans-serif; font-size: 10pt;\"> Fotos\/Bilder\/Grafiken wurden \u00fcber Fotolia mit Nutzungsrechten bei fotolia.com erworben.<br \/>\n<\/span><\/p>\n<p><span style=\"font-family: tahoma, arial, helvetica, sans-serif; font-size: 10pt;\"><strong>Haftungsausschluss: <\/strong><\/span><br \/>\n<span style=\"font-family: tahoma, arial, helvetica, sans-serif; font-size: 10pt;\"> <strong>Haftung f\u00fcr Inhalte<\/strong><\/span><br \/>\n<span style=\"font-family: tahoma, arial, helvetica, sans-serif; font-size: 10pt;\"> Die Inhalte unserer Seiten wurden mit gr\u00f6\u00dfter Sorgfalt erstellt. F\u00fcr die Richtigkeit, Vollst\u00e4ndigkeit und Aktualit\u00e4t der Inhalte k\u00f6nnen wir jedoch keine Gew\u00e4hr \u00fcbernehmen. Als Diensteanbieter sind wir gem\u00e4\u00df \u00a7 7 Abs.1 TMG f\u00fcr eigene Inhalte auf diesen Seiten nach den allgemeinen Gesetzen verantwortlich. Nach \u00a7\u00a7 8 bis 10 TMG sind wir als Diensteanbieter jedoch nicht verpflichtet, \u00fcbermittelte oder gespeicherte fremde Informationen zu \u00fcberwachen oder nach Umst\u00e4nden zu forschen, die auf eine rechtswidrige T\u00e4tigkeit hinweisen. Verpflichtungen zur Entfernung oder Sperrung der Nutzung von Informationen nach den allgemeinen Gesetzen bleiben hiervon unber\u00fchrt. Eine diesbez\u00fcgliche Haftung ist jedoch erst ab dem Zeitpunkt der Kenntnis einer konkreten Rechtsverletzung m\u00f6glich. Bei Bekanntwerden von entsprechenden Rechtsverletzungen werden wir diese Inhalte umgehend entfernen.<\/span><\/p>\n<p><span style=\"font-family: tahoma, arial, helvetica, sans-serif; font-size: 10pt;\"><strong>Haftung f\u00fcr Links<\/strong><\/span><br \/>\n<span style=\"font-family: tahoma, arial, helvetica, sans-serif; font-size: 10pt;\"> Unser Angebot enth\u00e4lt Links zu externen Webseiten Dritter, auf deren Inhalte wir keinen Einfluss haben. Deshalb k\u00f6nnen wir f\u00fcr diese fremden Inhalte auch keine Gew\u00e4hr \u00fcbernehmen. F\u00fcr die Inhalte der verlinkten Seiten ist stets der jeweilige Anbieter oder Betreiber der Seiten verantwortlich. Die verlinkten Seiten wurden zum Zeitpunkt der Verlinkung auf m\u00f6gliche Rechtsverst\u00f6\u00dfe \u00fcberpr\u00fcft. Rechtswidrige Inhalte waren zum Zeitpunkt der Verlinkung nicht erkennbar. Eine permanente inhaltliche Kontrolle der verlinkten Seiten ist jedoch ohne konkrete Anhaltspunkte einer Rechtsverletzung nicht zumutbar. Bei Bekanntwerden von Rechtsverletzungen werden wir derartige Links umgehend entfernen.<\/span><\/p>\n<p><span style=\"font-family: tahoma, arial, helvetica, sans-serif; font-size: 10pt;\"><strong>Urheberrecht<\/strong><\/span><br \/>\n<span style=\"font-family: tahoma, arial, helvetica, sans-serif; font-size: 10pt;\"> Die durch die Seitenbetreiber erstellten Inhalte und Werke auf diesen Seiten unterliegen dem deutschen Urheberrecht. Die Vervielf\u00e4ltigung, Bearbeitung, Verbreitung und jede Art der Verwertung au\u00dferhalb der Grenzen des Urheberrechtes bed\u00fcrfen der schriftlichen Zustimmung des jeweiligen Autors bzw. Erstellers. Downloads und Kopien dieser Seite sind nur f\u00fcr den privaten, nicht kommerziellen Gebrauch gestattet. Soweit die Inhalte auf dieser Seite nicht vom Betreiber erstellt wurden, werden die Urheberrechte Dritter beachtet. Insbesondere werden Inhalte Dritter als solche gekennzeichnet. Sollten Sie trotzdem auf eine Urheberrechtsverletzung aufmerksam werden, bitten wir um einen entsprechenden Hinweis. Bei Bekanntwerden von Rechtsverletzungen werden wir derartige Inhalte umgehend entfernen.<\/span><\/p>\n<p>&nbsp;<\/p>\n<p>&nbsp;<\/p>\n<p><span style=\"font-size: 10pt; font-family: tahoma, arial, helvetica, sans-serif;\"><strong><big>Datenschutzerkl\u00e4rung<\/big><\/strong><\/span><\/p>\n<p><span style=\"font-size: 10pt; font-family: tahoma, arial, helvetica, sans-serif;\"><strong>Allgemeiner Hinweis und Pflichtinformationen<\/strong><\/span><\/p>\n<p><span style=\"font-size: 10pt; font-family: tahoma, arial, helvetica, sans-serif;\"><strong>Benennung der verantwortlichen Stelle<\/strong><\/span><\/p>\n<p><span style=\"font-size: 10pt; font-family: tahoma, arial, helvetica, sans-serif;\">Die verantwortliche Stelle f\u00fcr die Datenverarbeitung auf dieser Website ist:<\/span><\/p>\n<p><span id=\"s3-t-firma\" style=\"font-size: 10pt; font-family: tahoma, arial, helvetica, sans-serif;\">L\u00f6wengarten Gastro GmbH<\/span><br \/>\n<span id=\"s3-t-ansprechpartner\" style=\"font-size: 10pt; font-family: tahoma, arial, helvetica, sans-serif;\">Marco Sch\u00f6nian<\/span><br \/>\n<span id=\"s3-t-strasse\" style=\"font-size: 10pt; font-family: tahoma, arial, helvetica, sans-serif;\">Konrad-Beste-Str., 2<\/span><br \/>\n<span style=\"font-size: 10pt; font-family: tahoma, arial, helvetica, sans-serif;\"><span id=\"s3-t-plz\">38176<\/span> <span id=\"s3-t-ort\">Wendeburg<\/span><\/span><\/p>\n<p><span style=\"font-size: 10pt; font-family: tahoma, arial, helvetica, sans-serif;\">Die verantwortliche Stelle entscheidet allein oder gemeinsam mit anderen \u00fcber die Zwecke und Mittel der Verarbeitung von personenbezogenen Daten (z.B. Namen, Kontaktdaten o. \u00c4.).<\/span><\/p>\n<p><span style=\"font-size: 10pt; font-family: tahoma, arial, helvetica, sans-serif;\"><strong>Widerruf Ihrer Einwilligung zur Datenverarbeitung<\/strong><\/span><\/p>\n<p><span style=\"font-size: 10pt; font-family: tahoma, arial, helvetica, sans-serif;\">Nur mit Ihrer ausdr\u00fccklichen Einwilligung sind einige Vorg\u00e4nge der Datenverarbeitung m\u00f6glich. Ein Widerruf Ihrer bereits erteilten Einwilligung ist jederzeit m\u00f6glich. F\u00fcr den Widerruf gen\u00fcgt eine formlose Mitteilung per E-Mail. Die Rechtm\u00e4\u00dfigkeit der bis zum Widerruf erfolgten Datenverarbeitung bleibt vom Widerruf unber\u00fchrt.<\/span><\/p>\n<p><span style=\"font-size: 10pt; font-family: tahoma, arial, helvetica, sans-serif;\"><strong>Recht auf Beschwerde bei der zust\u00e4ndigen Aufsichtsbeh\u00f6rde<\/strong><\/span><\/p>\n<p><span style=\"font-size: 10pt; font-family: tahoma, arial, helvetica, sans-serif;\">Als Betroffener steht Ihnen im Falle eines datenschutzrechtlichen Versto\u00dfes ein Beschwerderecht bei der zust\u00e4ndigen Aufsichtsbeh\u00f6rde zu. Zust\u00e4ndige Aufsichtsbeh\u00f6rde bez\u00fcglich datenschutzrechtlicher Fragen ist der Landesdatenschutzbeauftragte des Bundeslandes, in dem sich der Sitz unseres Unternehmens befindet. Der folgende Link stellt eine Liste der Datenschutzbeauftragten sowie deren Kontaktdaten bereit: <a href=\"https:\/\/www.bfdi.bund.de\/DE\/Infothek\/Anschriften_Links\/anschriften_links-node.html\" target=\"_blank\" rel=\"noopener\">https:\/\/www.bfdi.bund.de\/DE\/Infothek\/Anschriften_Links\/anschriften_links-node.html<\/a>.<\/span><\/p>\n<p><span style=\"font-size: 10pt; font-family: tahoma, arial, helvetica, sans-serif;\"><strong>Recht auf Daten\u00fcbertragbarkeit<\/strong><\/span><\/p>\n<p><span style=\"font-size: 10pt; font-family: tahoma, arial, helvetica, sans-serif;\">Ihnen steht das Recht zu, Daten, die wir auf Grundlage Ihrer Einwilligung oder in Erf\u00fcllung eines Vertrags automatisiert verarbeiten, an sich oder an Dritte aush\u00e4ndigen zu lassen. Die Bereitstellung erfolgt in einem maschinenlesbaren Format. Sofern Sie die direkte \u00dcbertragung der Daten an einen anderen Verantwortlichen verlangen, erfolgt dies nur, soweit es technisch machbar ist.<\/span><\/p>\n<p><span style=\"font-size: 10pt; font-family: tahoma, arial, helvetica, sans-serif;\"><strong>Recht auf Auskunft, Berichtigung, Sperrung, L\u00f6schung<\/strong><\/span><\/p>\n<p><span style=\"font-size: 10pt; font-family: tahoma, arial, helvetica, sans-serif;\">Sie haben jederzeit im Rahmen der geltenden gesetzlichen Bestimmungen das Recht auf unentgeltliche Auskunft \u00fcber Ihre gespeicherten personenbezogenen Daten, Herkunft der Daten, deren Empf\u00e4nger und den Zweck der Datenverarbeitung und ggf. ein Recht auf Berichtigung, Sperrung oder L\u00f6schung dieser Daten. Diesbez\u00fcglich und auch zu weiteren Fragen zum Thema personenbezogene Daten k\u00f6nnen Sie sich jederzeit \u00fcber die im Impressum aufgef\u00fchrten Kontaktm\u00f6glichkeiten an uns wenden.<\/span><\/p>\n<p><span style=\"font-size: 10pt; font-family: tahoma, arial, helvetica, sans-serif;\"><strong>SSL- bzw. TLS-Verschl\u00fcsselung<\/strong><\/span><\/p>\n<p><span style=\"font-size: 10pt; font-family: tahoma, arial, helvetica, sans-serif;\">Aus Sicherheitsgr\u00fcnden und zum Schutz der \u00dcbertragung vertraulicher Inhalte, die Sie an uns als Seitenbetreiber senden, nutzt unsere Website eine SSL-bzw. TLS-Verschl\u00fcsselung. Damit sind Daten, die Sie \u00fcber diese Website \u00fcbermitteln, f\u00fcr Dritte nicht mitlesbar. Sie erkennen eine verschl\u00fcsselte Verbindung an der \u201ehttps:\/\/\u201c Adresszeile Ihres Browsers und am Schloss-Symbol in der Browserzeile.<\/span><\/p>\n<p><span style=\"font-size: 10pt; font-family: tahoma, arial, helvetica, sans-serif;\"><strong>Server-Log-Dateien<\/strong><\/span><\/p>\n<p><span style=\"font-size: 10pt; font-family: tahoma, arial, helvetica, sans-serif;\">In Server-Log-Dateien erhebt und speichert der Provider der Website automatisch Informationen, die Ihr Browser automatisch an uns \u00fcbermittelt. Dies sind:<\/span><\/p>\n<ul>\n<li><span style=\"font-size: 10pt; font-family: tahoma, arial, helvetica, sans-serif;\">Browsertyp und Browserversion<\/span><\/li>\n<li><span style=\"font-size: 10pt; font-family: tahoma, arial, helvetica, sans-serif;\">Verwendetes Betriebssystem<\/span><\/li>\n<li><span style=\"font-size: 10pt; font-family: tahoma, arial, helvetica, sans-serif;\">Referrer URL<\/span><\/li>\n<li><span style=\"font-size: 10pt; font-family: tahoma, arial, helvetica, sans-serif;\">Hostname des zugreifenden Rechners<\/span><\/li>\n<li><span style=\"font-size: 10pt; font-family: tahoma, arial, helvetica, sans-serif;\">Uhrzeit der Serveranfrage<\/span><\/li>\n<li><span style=\"font-size: 10pt; font-family: tahoma, arial, helvetica, sans-serif;\">IP-Adresse<\/span><\/li>\n<\/ul>\n<p><span style=\"font-size: 10pt; font-family: tahoma, arial, helvetica, sans-serif;\">Es findet keine Zusammenf\u00fchrung dieser Daten mit anderen Datenquellen statt. Grundlage der Datenverarbeitung bildet Art. 6 Abs. 1 lit. b DSGVO, der die Verarbeitung von Daten zur Erf\u00fcllung eines Vertrags oder vorvertraglicher Ma\u00dfnahmen gestattet.<\/span><\/p>\n<p><span style=\"font-size: 10pt; font-family: tahoma, arial, helvetica, sans-serif;\"><strong>Cookies<\/strong><\/span><\/p>\n<p><span style=\"font-size: 10pt; font-family: tahoma, arial, helvetica, sans-serif;\">Unsere Website verwendet Cookies. Das sind kleine Textdateien, die Ihr Webbrowser auf Ihrem Endger\u00e4t speichert. Cookies helfen uns dabei, unser Angebot nutzerfreundlicher, effektiver und sicherer zu machen.<\/span><\/p>\n<p><span style=\"font-size: 10pt; font-family: tahoma, arial, helvetica, sans-serif;\">Einige Cookies sind \u201cSession-Cookies.\u201d Solche Cookies werden nach Ende Ihrer Browser-Sitzung von selbst gel\u00f6scht. Hingegen bleiben andere Cookies auf Ihrem Endger\u00e4t bestehen, bis Sie diese selbst l\u00f6schen. Solche Cookies helfen uns, Sie bei R\u00fcckkehr auf<\/span><br \/>\n<span style=\"font-size: 10pt; font-family: tahoma, arial, helvetica, sans-serif;\"> unserer Website wiederzuerkennen.<\/span><\/p>\n<p><span style=\"font-size: 10pt; font-family: tahoma, arial, helvetica, sans-serif;\">Mit einem modernen Webbrowser k\u00f6nnen Sie das Setzen von Cookies \u00fcberwachen, einschr\u00e4nken oder unterbinden. Viele Webbrowser lassen sich so konfigurieren, dass Cookies mit dem Schlie\u00dfen des Programms von selbst gel\u00f6scht werden. Die Deaktivierung von Cookies<\/span><br \/>\n<span style=\"font-size: 10pt; font-family: tahoma, arial, helvetica, sans-serif;\"> kann eine eingeschr\u00e4nkte Funktionalit\u00e4t unserer Website zur Folge haben.<\/span><\/p>\n<p><span style=\"font-size: 10pt; font-family: tahoma, arial, helvetica, sans-serif;\">Das Setzen von Cookies, die zur Aus\u00fcbung elektronischer Kommunikationsvorg\u00e4nge oder der Bereitstellung bestimmter, von Ihnen erw\u00fcnschter Funktionen (z.B. Warenkorb) notwendig sind, erfolgt auf Grundlage von Art. 6 Abs. 1 lit. f DSGVO. Als Betreiber dieser<\/span><br \/>\n<span style=\"font-size: 10pt; font-family: tahoma, arial, helvetica, sans-serif;\"> Website haben wir ein berechtigtes Interesse an der Speicherung von Cookies zur technisch fehlerfreien und reibungslosen Bereitstellung unserer Dienste. Sofern die Setzung anderer Cookies (z.B. f\u00fcr Analyse-Funktionen) erfolgt, werden diese in dieser<\/span><br \/>\n<span style=\"font-size: 10pt; font-family: tahoma, arial, helvetica, sans-serif;\"> Datenschutzerkl\u00e4rung separat behandelt.<\/span><\/p>\n<p><span style=\"font-size: 10pt; font-family: tahoma, arial, helvetica, sans-serif;\"><small>Quelle: Datenschutz-Konfigurator von <a href=\"http:\/\/www.mein-datenschutzbeauftragter.de\" target=\"_blank\" rel=\"noopener\">mein-datenschutzbeauftragter.de<\/a><\/small><\/span><\/p>\n","protected":false},"excerpt":{"rendered":"<p>Angaben gem\u00e4\u00df \u00a7 5 TMG Sitz: L\u00f6wengarten Gastro GmbH GF: Marco Sch\u00f6nian Konrad-Beste-Str. 2 38176 Wendeburg Niederlassung &amp; Lieferanschrift: L\u00f6wengarten Braunschweig &amp; Vereinsheim Freie Turner [&hellip;]<\/p>\n","protected":false},"author":1,"featured_media":0,"parent":0,"menu_order":0,"comment_status":"closed","ping_status":"closed","template":"","meta":{"footnotes":""},"class_list":["post-41","page","type-page","status-publish","hentry"],"_links":{"self":[{"href":"https:\/\/loewengarten.com\/index.php?rest_route=\/wp\/v2\/pages\/41","targetHints":{"allow":["GET"]}}],"collection":[{"href":"https:\/\/loewengarten.com\/index.php?rest_route=\/wp\/v2\/pages"}],"about":[{"href":"https:\/\/loewengarten.com\/index.php?rest_route=\/wp\/v2\/types\/page"}],"author":[{"embeddable":true,"href":"https:\/\/loewengarten.com\/index.php?rest_route=\/wp\/v2\/users\/1"}],"replies":[{"embeddable":true,"href":"https:\/\/loewengarten.com\/index.php?rest_route=%2Fwp%2Fv2%2Fcomments&post=41"}],"version-history":[{"count":9,"href":"https:\/\/loewengarten.com\/index.php?rest_route=\/wp\/v2\/pages\/41\/revisions"}],"predecessor-version":[{"id":102,"href":"https:\/\/loewengarten.com\/index.php?rest_route=\/wp\/v2\/pages\/41\/revisions\/102"}],"wp:attachment":[{"href":"https:\/\/loewengarten.com\/index.php?rest_route=%2Fwp%2Fv2%2Fmedia&parent=41"}],"curies":[{"name":"wp","href":"https:\/\/api.w.org\/{rel}","templated":true}]}}