{"id":51,"date":"2016-07-18T07:26:48","date_gmt":"2016-07-18T07:26:48","guid":{"rendered":"http:\/\/loewengarten.com\/?page_id=51"},"modified":"2016-07-18T07:51:13","modified_gmt":"2016-07-18T07:51:13","slug":"feiern-tagen","status":"publish","type":"page","link":"https:\/\/loewengarten.com\/?page_id=51","title":{"rendered":"FEIERN &#038; TAGEN"},"content":{"rendered":"<p><strong><span style=\"font-family: tahoma,arial,helvetica,sans-serif; font-size: 10pt;\">Feiern &amp; Tagen<\/span><\/strong><\/p>\n<p><span style=\"font-family: tahoma,arial,helvetica,sans-serif; font-size: 10pt;\">Eine gelungene Veranstaltung, ob drinnen oder drau\u00dfen, privat oder gesch\u00e4ftlich, im kleinen Rahmen oder im gro\u00dfen Stil.<\/span><br \/>\n<span style=\"font-family: tahoma,arial,helvetica,sans-serif; font-size: 10pt;\">Der \u201eL\u00f6wengarten\u201c &amp; das \u201eVereinsheim Freie Turner\u201c bietet f\u00fcr fast jeden Anlass den passenden Rahmen. Idyllisch gelegen und gut zu erreichen. <\/span><br \/>\n<span style=\"font-family: tahoma,arial,helvetica,sans-serif; font-size: 10pt;\">Von Tagungen und Versammlungen \u00fcber Vortr\u00e4ge bis hin zu Jubil\u00e4en oder Geburtstagsfeiern:<\/span><br \/>\n<span style=\"font-family: tahoma,arial,helvetica,sans-serif; font-size: 10pt;\">Wir beraten Sie zu Dekoration, Musik, Men\u00fcs und Technik. Und k\u00fcmmern uns komplett um die Umsetzung. Konzentrieren Sie sich einfach auf Ihre G\u00e4ste. Der Rest ist bei uns in den besten H\u00e4nden.<\/span><br \/>\n<span style=\"font-family: tahoma,arial,helvetica,sans-serif; font-size: 10pt;\">Gern erf\u00fcllen wir Ihre individuellen gastronomischen W\u00fcnsche, vermitteln bei Bedarf musikalische Unterhaltung \u2013 von klassisch \u00fcber traditionell bis modern \u2013 , k\u00fcmmern uns um die passende Dekoration von Tischen.<\/span><br \/>\n<span style=\"font-family: tahoma,arial,helvetica,sans-serif; font-size: 10pt;\">Kommen Sie gerne auf uns zu, wir nehmen uns Zeit f\u00fcr Sie.<\/span><\/p>\n<p><span style=\"font-family: tahoma,arial,helvetica,sans-serif; font-size: 10pt;\">Infos unter <a href=\"mailto:info@loewengarten.com\">info@loewengarten.com<\/a> oder Telefon: 05303 \/ 958400<\/span><\/p>\n","protected":false},"excerpt":{"rendered":"<p>Feiern &amp; Tagen Eine gelungene Veranstaltung, ob drinnen oder drau\u00dfen, privat oder gesch\u00e4ftlich, im kleinen Rahmen oder im gro\u00dfen Stil. Der \u201eL\u00f6wengarten\u201c &amp; das \u201eVereinsheim [&hellip;]<\/p>\n","protected":false},"author":1,"featured_media":0,"parent":0,"menu_order":0,"comment_status":"closed","ping_status":"closed","template":"","meta":{"footnotes":""},"class_list":["post-51","page","type-page","status-publish","hentry"],"_links":{"self":[{"href":"https:\/\/loewengarten.com\/index.php?rest_route=\/wp\/v2\/pages\/51","targetHints":{"allow":["GET"]}}],"collection":[{"href":"https:\/\/loewengarten.com\/index.php?rest_route=\/wp\/v2\/pages"}],"about":[{"href":"https:\/\/loewengarten.com\/index.php?rest_route=\/wp\/v2\/types\/page"}],"author":[{"embeddable":true,"href":"https:\/\/loewengarten.com\/index.php?rest_route=\/wp\/v2\/users\/1"}],"replies":[{"embeddable":true,"href":"https:\/\/loewengarten.com\/index.php?rest_route=%2Fwp%2Fv2%2Fcomments&post=51"}],"version-history":[{"count":2,"href":"https:\/\/loewengarten.com\/index.php?rest_route=\/wp\/v2\/pages\/51\/revisions"}],"predecessor-version":[{"id":62,"href":"https:\/\/loewengarten.com\/index.php?rest_route=\/wp\/v2\/pages\/51\/revisions\/62"}],"wp:attachment":[{"href":"https:\/\/loewengarten.com\/index.php?rest_route=%2Fwp%2Fv2%2Fmedia&parent=51"}],"curies":[{"name":"wp","href":"https:\/\/api.w.org\/{rel}","templated":true}]}}