{"id":54,"date":"2016-07-18T07:27:28","date_gmt":"2016-07-18T07:27:28","guid":{"rendered":"http:\/\/loewengarten.com\/?page_id=54"},"modified":"2016-07-18T07:53:56","modified_gmt":"2016-07-18T07:53:56","slug":"ueber-uns","status":"publish","type":"page","link":"https:\/\/loewengarten.com\/?page_id=54","title":{"rendered":"\u00dcBER UNS"},"content":{"rendered":"<p><strong><span style=\"font-family: tahoma,arial,helvetica,sans-serif; font-size: 10pt;\">L\u00f6wengarten in Braunschweig<\/span><\/strong><br \/>\n<span style=\"font-family: tahoma,arial,helvetica,sans-serif; font-size: 10pt;\">seit \u00fcber zehn Jahren ist der L\u00f6wengarten im Prinzenpark in Braunschweig eine feste Institution. Und ab dem 1. August 2016 nun unter neuer Bewirtschaftung.<\/span><br \/>\n<span style=\"font-family: tahoma,arial,helvetica,sans-serif; font-size: 10pt;\">Entdecken Sie im L\u00f6wengarten die bayerische Seite. Neben unserem Braunschweiger Wolters Pilsener haben wir noch eine gro\u00dfe Auswahl an bayerischen Bierspezialit\u00e4ten. Entspannen Sie unter Schatten spendenden B\u00e4umen mit Familie oder Freunden bei einem z\u00fcnftigen Wei\u00dfbier, einen leckeren Obazda mit Brezen bei der ber\u00fchmten Wei\u00dfwurst. Mehr bayerische Gerichte finden Sie auf unserer Schmankerlkarte.<\/span><br \/>\n<span style=\"font-family: tahoma,arial,helvetica,sans-serif; font-size: 10pt;\">Sollte das Wetter mal nicht so gut sein, haben wir das gem\u00fctliche Vereinsheim der freien Turner gleich neben dem Biergarten f\u00fcr Sie ge\u00f6ffnet.<\/span><br \/>\n<span style=\"font-family: tahoma,arial,helvetica,sans-serif; font-size: 10pt;\">Der L\u00f6wengarten im Prinzenpark in Braunschweig ist einer der gr\u00f6\u00dften und sch\u00f6nsten Biergarten in Braunschweig.<\/span><br \/>\n<span style=\"font-family: tahoma,arial,helvetica,sans-serif; font-size: 10pt;\">Der Prinz-Albrecht-Park, kurz Prinzenpark, ist ein rund 58 Hektar gro\u00dfer Park im \u00d6stlichen Ringgebiet in Braunschweig. Die um die Jahrhundertwende 1900 planm\u00e4\u00dfig angelegte Parkanlage im gemischten Stil ist heute ein Kulturdenkmal. Mit dem angrenzenden Franzschen Feld, dem Nu\u00dfberg, dem Stadtpark und den \u00f6stlich gelegenen Kleingartenanlagen und Gr\u00fcnfl\u00e4chen rund um die B\u00e4che Mittelriede und Wabe bildet es ein ausgedehntes Naherholungsgebiet in der N\u00e4he der Innenstadt.<\/span><br \/>\n<span style=\"font-family: tahoma,arial,helvetica,sans-serif; font-size: 10pt;\">Der Prinzenpark entstand ab 1895 auf dem ehemaligen Gel\u00e4nde des Gro\u00dfen Exerzierplatzes. Der Gro\u00dfe Exerzierplatz wurde 1824 nach einer Verf\u00fcgung durch Herzog Karl II. errichtet und 1887 an die Salzdahlumer Stra\u00dfe verlegt. Der Park befand sich w\u00e4hrend seiner Entstehung, obwohl er an die Wohnstra\u00dfen des \u00d6stlichen Ringgebiets angrenzte, bereits au\u00dferhalb der Grenzen der Stadt Braunschweig. Erst einige Jahrzehnte sp\u00e4ter erfolgte eine Eingemeindung in die Stadt. Gef\u00f6rdert wurde die Realisierung des Parks durch den Regenten des Herzogtums Braunschweig, Prinz Albrecht von Preu\u00dfen. Nach ihm wurde der Park benannt. Umgesetzt wurde der Park durch den braunschweigischen Herzoglichen Promenadeninspektor Friedrich Krei\u00df nach den Pl\u00e4nen des Gartendirektors Fintelmann. 1905 wurde der Park fertiggestellt. Im Herbst 1911 wurde der Gedenkstein f\u00fcr den Regenten Prinz Albrecht errichtet. <\/span><br \/>\n<span style=\"font-family: tahoma,arial,helvetica,sans-serif; font-size: 10pt;\">Im Nordwesten wurde ein ovaler Platz angelegt, der 1950 zu einer Rollschuhbahn umgestaltet wurde. Im Juli 1981 wurde die Brunnenanlage mit Wassertreppe an der Rollschuhbahn fertiggestellt. Zur Parkanlage geh\u00f6rt ein 3,5 km langer und 9 m breiter asphaltierter Rundweg.<\/span><br \/>\n<span style=\"font-family: tahoma,arial,helvetica,sans-serif; font-size: 10pt;\">Von 2005 bis 2008 fand eine Sanierung der historischen Parkanlage statt. Dabei entstand ein Pflege- und Entwicklungskonzept f\u00fcr den Prinz-Albrecht-Park. Zu den Sanierungsma\u00dfnahmen geh\u00f6rten die Wiederherstellung von Raumstrukturen und Sichtbeziehungen. Wege und Sitzpl\u00e4tze wurden saniert oder wiederhergestellt und eine Nachpflanzung von vorher entnommenen Geh\u00f6lzbest\u00e4nden fand statt.<\/span><br \/>\n<span style=\"font-family: tahoma,arial,helvetica,sans-serif; font-size: 10pt;\">\u00a0Einige Wege des Parks sind zum Ausreiten geeignet. Im n\u00f6rdlichen Teil befindet sich ein Trimm-dich-Pfad. Neben einer 1950 im westlichen Teil anlegten Rollschuhbahn, die Ende des 20. Jahrhunderts in eine Anlage f\u00fcr Skateboarder und Inlineskater umgebaut wurde, befindet sich im Zentrum das Stadion des Sportvereins Freie Turnerschaft Braunschweig, ferner befindet sich im Park das Polizei-Stadion und im Norden angrenzend an den Prinzenpark die Bezirkssportanlage Franzsches Feld. Der ebenfalls im Park befindliche Nu\u00dfberg wird im Winter v. a. zum Rodeln genutzt, im Herbst zum Drachensteigen.<\/span><br \/>\n<span style=\"font-family: tahoma,arial,helvetica,sans-serif; font-size: 10pt;\">Zwischen 1948 und 1951 fand in und um den Prinzenpark das Prinzenpark-Rennen, eine Motorsportveranstaltung f\u00fcr Motorr\u00e4der und kleine Rennwagen, statt. <\/span><br \/>\n<span style=\"font-family: tahoma,arial,helvetica,sans-serif; font-size: 10pt;\">NBA-Star Dennis Schr\u00f6der wurde als Kind beim Basketballspielen im Prinzenpark entdeckt. <\/span><\/p>\n","protected":false},"excerpt":{"rendered":"<p>L\u00f6wengarten in Braunschweig seit \u00fcber zehn Jahren ist der L\u00f6wengarten im Prinzenpark in Braunschweig eine feste Institution. Und ab dem 1. August 2016 nun unter [&hellip;]<\/p>\n","protected":false},"author":1,"featured_media":0,"parent":0,"menu_order":0,"comment_status":"closed","ping_status":"closed","template":"","meta":{"footnotes":""},"class_list":["post-54","page","type-page","status-publish","hentry"],"_links":{"self":[{"href":"https:\/\/loewengarten.com\/index.php?rest_route=\/wp\/v2\/pages\/54","targetHints":{"allow":["GET"]}}],"collection":[{"href":"https:\/\/loewengarten.com\/index.php?rest_route=\/wp\/v2\/pages"}],"about":[{"href":"https:\/\/loewengarten.com\/index.php?rest_route=\/wp\/v2\/types\/page"}],"author":[{"embeddable":true,"href":"https:\/\/loewengarten.com\/index.php?rest_route=\/wp\/v2\/users\/1"}],"replies":[{"embeddable":true,"href":"https:\/\/loewengarten.com\/index.php?rest_route=%2Fwp%2Fv2%2Fcomments&post=54"}],"version-history":[{"count":3,"href":"https:\/\/loewengarten.com\/index.php?rest_route=\/wp\/v2\/pages\/54\/revisions"}],"predecessor-version":[{"id":63,"href":"https:\/\/loewengarten.com\/index.php?rest_route=\/wp\/v2\/pages\/54\/revisions\/63"}],"wp:attachment":[{"href":"https:\/\/loewengarten.com\/index.php?rest_route=%2Fwp%2Fv2%2Fmedia&parent=54"}],"curies":[{"name":"wp","href":"https:\/\/api.w.org\/{rel}","templated":true}]}}